{"id":171,"date":"2026-03-11T00:13:08","date_gmt":"2026-03-10T23:13:08","guid":{"rendered":"https:\/\/sonkraft.ch\/?page_id=171"},"modified":"2026-03-11T01:13:36","modified_gmt":"2026-03-11T00:13:36","slug":"chi-siamo","status":"publish","type":"page","link":"https:\/\/sonkraft.ch\/de\/chi-siamo\/","title":{"rendered":"\u00dcber uns"},"content":{"rendered":"<p><span style=\"color: #ffffff;\">\u00dcber uns<\/span><\/p>\n<h2>\u00dcber uns<\/h2>\n<p><span style=\"color: #ffffff;\">\u00dcber uns<\/span><br \/>\nDie Sonkraft gruppe mit Niederlassungen in Lugano, Berlin und Mailand ist seit 2008 im Bereich der erneuerbaren Energien t\u00e4tig.<\/p>\n<p>Sonkraft bietet Beratungsleistungen in den Bereichen Energieeffizienz, Energiemanagement und Verbrauchsoptimierung f\u00fcr Privatpersonen und Unternehmen aus Industrie und Dienstleistungssektor an.<\/p>\n<p>Ziel ist es, die Verbrauchseffizienz unserer Kunden zu verbessern, die Zuverl\u00e4ssigkeit und Sicherheit der Produktion zu erh\u00f6hen und durch Kostensenkung aktiv zur Energiewende beizutragen.<\/p>\n<p>Sonkraft finanziert, plant, entwickelt und baut Photovoltaikanlagen \u2013 sowohl auf D\u00e4chern als auch auf Freifl\u00e4chen \u2013 und bietet dabei verschiedene Vertragsoptionen, die individuell auf die Kundenbed\u00fcrfnisse zugeschnitten sind.<br \/>\n<span style=\"color: #ffffff;\"><\/span><br \/>\n\r\n\t\t<div class=\"divider4\"><span><\/span><\/div>\r\n\t\t<\/p>\n<h2>Hauptsitz<\/h2>\n<p><img loading=\"lazy\" decoding=\"async\" src=\"https:\/\/sonkraft.ch\/wp-content\/uploads\/2026\/03\/sonkraft-lugano-1024x559.jpg\" alt=\"sonkraft\" width=\"1024\" height=\"559\" class=\"alignnone size-large wp-image-175\" srcset=\"https:\/\/sonkraft.ch\/wp-content\/uploads\/2026\/03\/sonkraft-lugano-1024x559.jpg 1024w, https:\/\/sonkraft.ch\/wp-content\/uploads\/2026\/03\/sonkraft-lugano-300x164.jpg 300w, https:\/\/sonkraft.ch\/wp-content\/uploads\/2026\/03\/sonkraft-lugano-768x419.jpg 768w, https:\/\/sonkraft.ch\/wp-content\/uploads\/2026\/03\/sonkraft-lugano-1536x838.jpg 1536w, https:\/\/sonkraft.ch\/wp-content\/uploads\/2026\/03\/sonkraft-lugano.jpg 1600w\" sizes=\"auto, (max-width: 1024px) 100vw, 1024px\" \/><br \/>\nSonkraft hat seinen Hauptsitz in Lugano in der Via Maggio 1\/C im zentralen Stadtteil Cassarate.<br \/>\n\r\n\t\t<div class=\"divider4\"><span><\/span><\/div>\r\n\t\t<br \/>\n\n<div class=\"wpcf7 no-js\" id=\"wpcf7-f178-o3\" lang=\"it-IT\" dir=\"ltr\" data-wpcf7-id=\"178\">\n<div class=\"screen-reader-response\"><p role=\"status\" aria-live=\"polite\" aria-atomic=\"true\"><\/p> <ul><\/ul><\/div>\n<form action=\"\/de\/wp-json\/wp\/v2\/pages\/171#wpcf7-f178-o3\" method=\"post\" class=\"wpcf7-form init\" aria-label=\"Modulo di contatto\" novalidate=\"novalidate\" data-status=\"init\">\n<fieldset class=\"hidden-fields-container\"><input type=\"hidden\" name=\"_wpcf7\" value=\"178\" \/><input type=\"hidden\" name=\"_wpcf7_version\" value=\"6.1.5\" \/><input type=\"hidden\" name=\"_wpcf7_locale\" value=\"it_IT\" \/><input type=\"hidden\" name=\"_wpcf7_unit_tag\" value=\"wpcf7-f178-o3\" \/><input type=\"hidden\" name=\"_wpcf7_container_post\" value=\"0\" \/><input type=\"hidden\" name=\"_wpcf7_posted_data_hash\" value=\"\" \/>\n<\/fieldset>\n<p><label> <\/label>\n<\/p>\n<h2>Kontakt\n<\/h2>\n<p>&nbsp;<br \/>\n<label> Bitte kontaktieren Sie uns, wenn Sie Fragen zu unseren Angeboten oder unseren Produkten haben <\/label>\n<\/p>\n<p><label> Schreiben Sie an <a href=\"mailto:info@sonkraft.ch\">info@sonkraft.ch<\/a> oder f\u00fcllen Sie das folgende Formular aus und wir werden Sie kontaktieren: <\/label>\n<\/p>\n<p><label> Name *<br \/>\n<span class=\"wpcf7-form-control-wrap\" data-name=\"your-name\"><input size=\"40\" maxlength=\"400\" class=\"wpcf7-form-control wpcf7-text wpcf7-validates-as-required\" aria-required=\"true\" aria-invalid=\"false\" value=\"\" type=\"text\" name=\"your-name\" \/><\/span><\/label>\n<\/p>\n<p><label> Telefonnummer *<br \/>\n<span class=\"wpcf7-form-control-wrap\" data-name=\"tel-826\"><input size=\"40\" maxlength=\"400\" class=\"wpcf7-form-control wpcf7-tel wpcf7-validates-as-required wpcf7-text wpcf7-validates-as-tel\" aria-required=\"true\" aria-invalid=\"false\" value=\"\" type=\"tel\" name=\"tel-826\" \/><\/span><\/label>\n<\/p>\n<p><label> Deine E-Mail *<br \/>\n<span class=\"wpcf7-form-control-wrap\" data-name=\"your-email\"><input size=\"40\" maxlength=\"400\" class=\"wpcf7-form-control wpcf7-email wpcf7-validates-as-required wpcf7-text wpcf7-validates-as-email\" aria-required=\"true\" aria-invalid=\"false\" value=\"\" type=\"email\" name=\"your-email\" \/><\/span><\/label>\n<\/p>\n<p><label> Thema *<br \/>\n<span class=\"wpcf7-form-control-wrap\" data-name=\"your-subject\"><input size=\"40\" maxlength=\"400\" class=\"wpcf7-form-control wpcf7-text wpcf7-validates-as-required\" aria-required=\"true\" aria-invalid=\"false\" value=\"\" type=\"text\" name=\"your-subject\" \/><\/span> <\/label>\n<\/p>\n<p><label> Nachricht *<br \/>\n<span class=\"wpcf7-form-control-wrap\" data-name=\"your-message\"><textarea cols=\"40\" rows=\"10\" maxlength=\"2000\" class=\"wpcf7-form-control wpcf7-textarea wpcf7-validates-as-required\" aria-required=\"true\" aria-invalid=\"false\" name=\"your-message\"><\/textarea><\/span> <\/label>\n<\/p>\n<p><label> * Pflichtfeld <\/label>\n<\/p>\n<p><input class=\"wpcf7-form-control wpcf7-submit has-spinner\" type=\"submit\" value=\"SENDEN\" \/>\n<\/p>\n<p><label><\/label>\n<\/p><div class=\"wpcf7-response-output\" aria-hidden=\"true\"><\/div>\n<\/form>\n<\/div>\n<\/p>\n<!-- sktbuilder starter --><script type=\"text\/javascript\" src=\"https:\/\/sonkraft.ch\/wp-content\/plugins\/skt-builder\/sktbuilder\/sktbuilder-frontend-starter.js\"><\/script><script type=\"text\/javascript\" src=\"https:\/\/sonkraft.ch\/wp-content\/plugins\/skt-builder\/sktbuilder-wordpress-driver.js\"><\/script><script type=\"text\/javascript\"> var starter = new SktbuilderStarter({\"mode\": \"prod\", \"skip\":[\"jquery\",\"underscore\",\"backbone\"],\"sktbuilderUrl\": \"https:\/\/sonkraft.ch\/wp-content\/plugins\/skt-builder\/sktbuilder\/\", \"driver\": new SktbuilderWordpressDriver({\"ajaxUrl\": \"https:\/\/sonkraft.ch\/wp-admin\/admin-ajax.php\", \"iframeUrl\": \"https:\/\/sonkraft.ch\/de\/chi-siamo\/?sktbuilder=true\", \"pageId\": 171,  \"nonce\": \"6a6fd7dfad\", \"pages\": [], \"page\": \"\u00dcber uns\" }) });<\/script><!-- end sktbuilder starter -->","protected":false},"excerpt":{"rendered":"<p>\u00dcber uns \u00dcber uns \u00dcber uns Die Sonkraft gruppe mit Niederlassungen in Lugano, Berlin und Mailand ist seit 2008 im Bereich der erneuerbaren Energien t\u00e4tig. Sonkraft bietet Beratungsleistungen in den Bereichen Energieeffizienz, Energiemanagement und Verbrauchsoptimierung f\u00fcr Privatpersonen und Unternehmen aus Industrie und Dienstleistungssektor an. Ziel ist es, die Verbrauchseffizienz unserer Kunden zu verbessern, die Zuverl\u00e4ssigkeit<br \/><a class=\"moretag\" href=\"https:\/\/sonkraft.ch\/de\/chi-siamo\/\">+ Read More<\/a><\/p>\n","protected":false},"author":1,"featured_media":175,"parent":0,"menu_order":0,"comment_status":"closed","ping_status":"closed","template":"","meta":{"footnotes":""},"class_list":["post-171","page","type-page","status-publish","has-post-thumbnail","hentry"],"yoast_head":"<!-- This site is optimized with the Yoast SEO plugin v27.4 - https:\/\/yoast.com\/product\/yoast-seo-wordpress\/ -->\n<title>Sonkraft - \u00dcber uns<\/title>\n<meta name=\"description\" content=\"Sonkraft offre servizi di consulenza nell&#039;ambito dell&#039;efficienza energetica, della gestione e ottimizzazione dei consumi per le aziende\" \/>\n<meta name=\"robots\" content=\"index, follow, max-snippet:-1, max-image-preview:large, max-video-preview:-1\" \/>\n<link rel=\"canonical\" href=\"https:\/\/sonkraft.ch\/chi-siamo\/\" \/>\n<meta property=\"og:locale\" content=\"de_DE\" \/>\n<meta property=\"og:type\" content=\"article\" \/>\n<meta property=\"og:title\" content=\"Sonkraft - [:it]Chi siamo[:en]About us[:de]\u00dcber uns[:fr]\u00c0 propos de nous[:es]Sobre nosotros[:]\" \/>\n<meta property=\"og:description\" content=\"Sonkraft offre servizi di consulenza nell&#039;ambito dell&#039;efficienza energetica, della gestione e ottimizzazione dei consumi per le aziende\" \/>\n<meta property=\"og:url\" content=\"https:\/\/sonkraft.ch\/chi-siamo\/\" \/>\n<meta property=\"og:site_name\" content=\"Sonkraft\" \/>\n<meta property=\"article:modified_time\" content=\"2026-03-11T00:13:36+00:00\" \/>\n<meta property=\"og:image\" content=\"https:\/\/sonkraft.ch\/wp-content\/uploads\/2026\/03\/sonkraft-lugano.jpg\" \/>\n\t<meta property=\"og:image:width\" content=\"1600\" \/>\n\t<meta property=\"og:image:height\" content=\"873\" \/>\n\t<meta property=\"og:image:type\" content=\"image\/jpeg\" \/>\n<meta name=\"twitter:card\" content=\"summary_large_image\" \/>\n<meta name=\"twitter:label1\" content=\"Gesch\u00e4tzte Lesezeit\" \/>\n\t<meta name=\"twitter:data1\" content=\"5\u00a0Minuten\" \/>\n<script type=\"application\/ld+json\" class=\"yoast-schema-graph\">{\"@context\":\"https:\\\/\\\/schema.org\",\"@graph\":[{\"@type\":\"WebPage\",\"@id\":\"https:\\\/\\\/sonkraft.ch\\\/chi-siamo\\\/\",\"url\":\"https:\\\/\\\/sonkraft.ch\\\/chi-siamo\\\/\",\"name\":\"Sonkraft - [:it]Chi siamo[:en]About us[:de]\u00dcber uns[:fr]\u00c0 propos de nous[:es]Sobre nosotros[:]\",\"isPartOf\":{\"@id\":\"https:\\\/\\\/sonkraft.ch\\\/#website\"},\"primaryImageOfPage\":{\"@id\":\"https:\\\/\\\/sonkraft.ch\\\/chi-siamo\\\/#primaryimage\"},\"image\":{\"@id\":\"https:\\\/\\\/sonkraft.ch\\\/chi-siamo\\\/#primaryimage\"},\"thumbnailUrl\":\"https:\\\/\\\/sonkraft.ch\\\/wp-content\\\/uploads\\\/2026\\\/03\\\/sonkraft-lugano.jpg\",\"datePublished\":\"2026-03-10T23:13:08+00:00\",\"dateModified\":\"2026-03-11T00:13:36+00:00\",\"description\":\"Sonkraft offre servizi di consulenza nell'ambito dell'efficienza energetica, della gestione e ottimizzazione dei consumi per le aziende\",\"breadcrumb\":{\"@id\":\"https:\\\/\\\/sonkraft.ch\\\/chi-siamo\\\/#breadcrumb\"},\"inLanguage\":\"de\",\"potentialAction\":[{\"@type\":\"ReadAction\",\"target\":[\"https:\\\/\\\/sonkraft.ch\\\/chi-siamo\\\/\"]}]},{\"@type\":\"ImageObject\",\"inLanguage\":\"de\",\"@id\":\"https:\\\/\\\/sonkraft.ch\\\/chi-siamo\\\/#primaryimage\",\"url\":\"https:\\\/\\\/sonkraft.ch\\\/wp-content\\\/uploads\\\/2026\\\/03\\\/sonkraft-lugano.jpg\",\"contentUrl\":\"https:\\\/\\\/sonkraft.ch\\\/wp-content\\\/uploads\\\/2026\\\/03\\\/sonkraft-lugano.jpg\",\"width\":1600,\"height\":873,\"caption\":\"sonkraft\"},{\"@type\":\"BreadcrumbList\",\"@id\":\"https:\\\/\\\/sonkraft.ch\\\/chi-siamo\\\/#breadcrumb\",\"itemListElement\":[{\"@type\":\"ListItem\",\"position\":1,\"name\":\"Home\",\"item\":\"https:\\\/\\\/sonkraft.ch\\\/\"},{\"@type\":\"ListItem\",\"position\":2,\"name\":\"Chi siamo\"}]},{\"@type\":\"WebSite\",\"@id\":\"https:\\\/\\\/sonkraft.ch\\\/#website\",\"url\":\"https:\\\/\\\/sonkraft.ch\\\/\",\"name\":\"SONKRAFT SA\",\"description\":\"Investments in solar energy - Engineering, Procurement and Construction of large PV plants\",\"potentialAction\":[{\"@type\":\"SearchAction\",\"target\":{\"@type\":\"EntryPoint\",\"urlTemplate\":\"https:\\\/\\\/sonkraft.ch\\\/?s={search_term_string}\"},\"query-input\":{\"@type\":\"PropertyValueSpecification\",\"valueRequired\":true,\"valueName\":\"search_term_string\"}}],\"inLanguage\":\"de\"}]}<\/script>\n<!-- \/ Yoast SEO plugin. -->","yoast_head_json":{"title":"Sonkraft - [:it]Chi siamo[:en]About us[:de]\u00dcber uns[:fr]\u00c0 propos de nous[:es]Sobre nosotros[:]","description":"Sonkraft offre servizi di consulenza nell'ambito dell'efficienza energetica, della gestione e ottimizzazione dei consumi per le aziende","robots":{"index":"index","follow":"follow","max-snippet":"max-snippet:-1","max-image-preview":"max-image-preview:large","max-video-preview":"max-video-preview:-1"},"canonical":"https:\/\/sonkraft.ch\/chi-siamo\/","og_locale":"de_DE","og_type":"article","og_title":"Sonkraft - [:it]Chi siamo[:en]About us[:de]\u00dcber uns[:fr]\u00c0 propos de nous[:es]Sobre nosotros[:]","og_description":"Sonkraft offre servizi di consulenza nell'ambito dell'efficienza energetica, della gestione e ottimizzazione dei consumi per le aziende","og_url":"https:\/\/sonkraft.ch\/chi-siamo\/","og_site_name":"Sonkraft","article_modified_time":"2026-03-11T00:13:36+00:00","og_image":[{"width":1600,"height":873,"url":"https:\/\/sonkraft.ch\/wp-content\/uploads\/2026\/03\/sonkraft-lugano.jpg","type":"image\/jpeg"}],"twitter_card":"summary_large_image","twitter_misc":{"Gesch\u00e4tzte Lesezeit":"5\u00a0Minuten"},"schema":{"@context":"https:\/\/schema.org","@graph":[{"@type":"WebPage","@id":"https:\/\/sonkraft.ch\/chi-siamo\/","url":"https:\/\/sonkraft.ch\/chi-siamo\/","name":"Sonkraft - [:it]Chi siamo[:en]About us[:de]\u00dcber uns[:fr]\u00c0 propos de nous[:es]Sobre nosotros[:]","isPartOf":{"@id":"https:\/\/sonkraft.ch\/#website"},"primaryImageOfPage":{"@id":"https:\/\/sonkraft.ch\/chi-siamo\/#primaryimage"},"image":{"@id":"https:\/\/sonkraft.ch\/chi-siamo\/#primaryimage"},"thumbnailUrl":"https:\/\/sonkraft.ch\/wp-content\/uploads\/2026\/03\/sonkraft-lugano.jpg","datePublished":"2026-03-10T23:13:08+00:00","dateModified":"2026-03-11T00:13:36+00:00","description":"Sonkraft offre servizi di consulenza nell'ambito dell'efficienza energetica, della gestione e ottimizzazione dei consumi per le aziende","breadcrumb":{"@id":"https:\/\/sonkraft.ch\/chi-siamo\/#breadcrumb"},"inLanguage":"de","potentialAction":[{"@type":"ReadAction","target":["https:\/\/sonkraft.ch\/chi-siamo\/"]}]},{"@type":"ImageObject","inLanguage":"de","@id":"https:\/\/sonkraft.ch\/chi-siamo\/#primaryimage","url":"https:\/\/sonkraft.ch\/wp-content\/uploads\/2026\/03\/sonkraft-lugano.jpg","contentUrl":"https:\/\/sonkraft.ch\/wp-content\/uploads\/2026\/03\/sonkraft-lugano.jpg","width":1600,"height":873,"caption":"sonkraft"},{"@type":"BreadcrumbList","@id":"https:\/\/sonkraft.ch\/chi-siamo\/#breadcrumb","itemListElement":[{"@type":"ListItem","position":1,"name":"Home","item":"https:\/\/sonkraft.ch\/"},{"@type":"ListItem","position":2,"name":"Chi siamo"}]},{"@type":"WebSite","@id":"https:\/\/sonkraft.ch\/#website","url":"https:\/\/sonkraft.ch\/","name":"SONKRAFT SA","description":"Investments in solar energy - Engineering, Procurement and Construction of large PV plants","potentialAction":[{"@type":"SearchAction","target":{"@type":"EntryPoint","urlTemplate":"https:\/\/sonkraft.ch\/?s={search_term_string}"},"query-input":{"@type":"PropertyValueSpecification","valueRequired":true,"valueName":"search_term_string"}}],"inLanguage":"de"}]}},"_links":{"self":[{"href":"https:\/\/sonkraft.ch\/de\/wp-json\/wp\/v2\/pages\/171","targetHints":{"allow":["GET"]}}],"collection":[{"href":"https:\/\/sonkraft.ch\/de\/wp-json\/wp\/v2\/pages"}],"about":[{"href":"https:\/\/sonkraft.ch\/de\/wp-json\/wp\/v2\/types\/page"}],"author":[{"embeddable":true,"href":"https:\/\/sonkraft.ch\/de\/wp-json\/wp\/v2\/users\/1"}],"replies":[{"embeddable":true,"href":"https:\/\/sonkraft.ch\/de\/wp-json\/wp\/v2\/comments?post=171"}],"version-history":[{"count":6,"href":"https:\/\/sonkraft.ch\/de\/wp-json\/wp\/v2\/pages\/171\/revisions"}],"predecessor-version":[{"id":179,"href":"https:\/\/sonkraft.ch\/de\/wp-json\/wp\/v2\/pages\/171\/revisions\/179"}],"wp:featuredmedia":[{"embeddable":true,"href":"https:\/\/sonkraft.ch\/de\/wp-json\/wp\/v2\/media\/175"}],"wp:attachment":[{"href":"https:\/\/sonkraft.ch\/de\/wp-json\/wp\/v2\/media?parent=171"}],"curies":[{"name":"wp","href":"https:\/\/api.w.org\/{rel}","templated":true}]}}