{"id":2,"date":"2015-12-30T15:32:13","date_gmt":"2015-12-30T15:32:13","guid":{"rendered":"http:\/\/sonkraft.ch\/?page_id=2"},"modified":"2026-03-11T01:14:50","modified_gmt":"2026-03-11T00:14:50","slug":"sonkraft","status":"publish","type":"page","link":"https:\/\/sonkraft.ch\/es\/","title":{"rendered":"Sonkraft"},"content":{"rendered":"<p><span style=\"color: #ffffff;\">Sonkraft<\/span><br \/>\n\r\n\t\t\t <div class=\"promo3\" style=\"background-color:#f7f7f7; border-bottom-color:#92c938;\">\r\n             \t<br \/>\n\r\n\t\t<div class=\"center-title\">\r\n\t\t\t<h2 style=\"color:#222222\">SOBRE\r\n\t\t\t<span style=\"color:#92c938\">NOSOTROS<\/span>\r\n\t\t\t<\/h2>\r\n\t\t\t<span style=\"border-bottom-color:#222222\"><\/span>\r\n\t\t\t\r\n\t\t<\/div>\r\n\t\t<\/p>\n<p style=\"text-align: center;\">Sonkraft es el socio competente para inversores financieros internacionales que desean invertir en plantas de energ\u00eda solar llave en mano en el rango de megavatios (EPC), as\u00ed como en la operaci\u00f3n y mantenimiento de plantas (O&#038;M)<\/p>\n<p>\r\n\t<div class=\"view-all-btn\" style=\"text-align:center; margin-top:0%; \">\r\n\t\t<a href=\"https:\/\/sonkraft.ch\/es\/chi-siamo\/\" target=\"_parent\"  style=\"color:#ffffff; background:#92c938; \r\n\t\t\r\n\t\t  \">\r\n\t\t\t<span>\r\n\t\t\tLEE MAS\r\n\t\t\t \r\n\t\t\t<\/span>\r\n\t\t<\/a>\r\n\t<\/div><br \/>\n\r\n                \r\n             <\/div>\t\r\n\t\t<\/p>\n<!-- sktbuilder starter --><script type=\"text\/javascript\" src=\"https:\/\/sonkraft.ch\/wp-content\/plugins\/skt-builder\/sktbuilder\/sktbuilder-frontend-starter.js\"><\/script><script type=\"text\/javascript\" src=\"https:\/\/sonkraft.ch\/wp-content\/plugins\/skt-builder\/sktbuilder-wordpress-driver.js\"><\/script><script type=\"text\/javascript\"> var starter = new SktbuilderStarter({\"mode\": \"prod\", \"skip\":[\"jquery\",\"underscore\",\"backbone\"],\"sktbuilderUrl\": \"https:\/\/sonkraft.ch\/wp-content\/plugins\/skt-builder\/sktbuilder\/\", \"driver\": new SktbuilderWordpressDriver({\"ajaxUrl\": \"https:\/\/sonkraft.ch\/wp-admin\/admin-ajax.php\", \"iframeUrl\": \"https:\/\/sonkraft.ch\/es\/?sktbuilder=true\", \"pageId\": 2,  \"nonce\": \"99235c7d68\", \"pages\": [], \"page\": \"Sonkraft\" }) });<\/script><!-- end sktbuilder starter -->","protected":false},"excerpt":{"rendered":"<p>Sonkraft<\/p>\n","protected":false},"author":1,"featured_media":135,"parent":0,"menu_order":0,"comment_status":"closed","ping_status":"open","template":"templates\/page-fullwidth_template.php","meta":{"footnotes":""},"class_list":["post-2","page","type-page","status-publish","has-post-thumbnail","hentry"],"yoast_head":"<!-- This site is optimized with the Yoast SEO plugin v27.4 - https:\/\/yoast.com\/product\/yoast-seo-wordpress\/ -->\n<title>Sonkraft - Dal 2008 impianti fotovoltaici &quot;chiavi in mano&quot;<\/title>\n<meta name=\"description\" content=\"Sonkraft opera dal 2008 al servizio di privati e imprese che desiderano realizzare un impianto fotovoltaico &quot;chiavi in mano&quot;\" \/>\n<meta name=\"robots\" content=\"index, follow, max-snippet:-1, max-image-preview:large, max-video-preview:-1\" \/>\n<link rel=\"canonical\" href=\"https:\/\/sonkraft.ch\/\" \/>\n<meta property=\"og:locale\" content=\"es_ES\" \/>\n<meta property=\"og:type\" content=\"article\" \/>\n<meta property=\"og:title\" content=\"Sonkraft - Dal 2008 impianti fotovoltaici &quot;chiavi in mano&quot;\" \/>\n<meta property=\"og:description\" content=\"Sonkraft opera dal 2008 al servizio di privati e imprese che desiderano realizzare un impianto fotovoltaico &quot;chiavi in mano&quot;\" \/>\n<meta property=\"og:url\" content=\"https:\/\/sonkraft.ch\/\" \/>\n<meta property=\"og:site_name\" content=\"Sonkraft\" \/>\n<meta property=\"article:modified_time\" content=\"2026-03-11T00:14:50+00:00\" \/>\n<meta property=\"og:image\" content=\"https:\/\/sonkraft.ch\/wp-content\/uploads\/2026\/03\/facebook-sonkraft-2026.png\" \/>\n\t<meta property=\"og:image:width\" content=\"360\" \/>\n\t<meta property=\"og:image:height\" content=\"360\" \/>\n\t<meta property=\"og:image:type\" content=\"image\/png\" \/>\n<meta name=\"twitter:card\" content=\"summary_large_image\" \/>\n<meta name=\"twitter:label1\" content=\"Tiempo de lectura\" \/>\n\t<meta name=\"twitter:data1\" content=\"2 minutos\" \/>\n<script type=\"application\/ld+json\" class=\"yoast-schema-graph\">{\"@context\":\"https:\\\/\\\/schema.org\",\"@graph\":[{\"@type\":\"WebPage\",\"@id\":\"https:\\\/\\\/sonkraft.ch\\\/\",\"url\":\"https:\\\/\\\/sonkraft.ch\\\/\",\"name\":\"Sonkraft - Dal 2008 impianti fotovoltaici \\\"chiavi in mano\\\"\",\"isPartOf\":{\"@id\":\"https:\\\/\\\/sonkraft.ch\\\/#website\"},\"primaryImageOfPage\":{\"@id\":\"https:\\\/\\\/sonkraft.ch\\\/#primaryimage\"},\"image\":{\"@id\":\"https:\\\/\\\/sonkraft.ch\\\/#primaryimage\"},\"thumbnailUrl\":\"https:\\\/\\\/sonkraft.ch\\\/wp-content\\\/uploads\\\/2026\\\/03\\\/facebook-sonkraft-2026.png\",\"datePublished\":\"2015-12-30T15:32:13+00:00\",\"dateModified\":\"2026-03-11T00:14:50+00:00\",\"description\":\"Sonkraft opera dal 2008 al servizio di privati e imprese che desiderano realizzare un impianto fotovoltaico \\\"chiavi in mano\\\"\",\"breadcrumb\":{\"@id\":\"https:\\\/\\\/sonkraft.ch\\\/#breadcrumb\"},\"inLanguage\":\"es\",\"potentialAction\":[{\"@type\":\"ReadAction\",\"target\":[\"https:\\\/\\\/sonkraft.ch\\\/\"]}]},{\"@type\":\"ImageObject\",\"inLanguage\":\"es\",\"@id\":\"https:\\\/\\\/sonkraft.ch\\\/#primaryimage\",\"url\":\"https:\\\/\\\/sonkraft.ch\\\/wp-content\\\/uploads\\\/2026\\\/03\\\/facebook-sonkraft-2026.png\",\"contentUrl\":\"https:\\\/\\\/sonkraft.ch\\\/wp-content\\\/uploads\\\/2026\\\/03\\\/facebook-sonkraft-2026.png\",\"width\":360,\"height\":360,\"caption\":\"sonkraft\"},{\"@type\":\"BreadcrumbList\",\"@id\":\"https:\\\/\\\/sonkraft.ch\\\/#breadcrumb\",\"itemListElement\":[{\"@type\":\"ListItem\",\"position\":1,\"name\":\"Home\",\"item\":\"https:\\\/\\\/sonkraft.ch\\\/\"},{\"@type\":\"ListItem\",\"position\":2,\"name\":\"Sonkraft\"}]},{\"@type\":\"WebSite\",\"@id\":\"https:\\\/\\\/sonkraft.ch\\\/#website\",\"url\":\"https:\\\/\\\/sonkraft.ch\\\/\",\"name\":\"SONKRAFT SA\",\"description\":\"Investments in solar energy - Engineering, Procurement and Construction of large PV plants\",\"potentialAction\":[{\"@type\":\"SearchAction\",\"target\":{\"@type\":\"EntryPoint\",\"urlTemplate\":\"https:\\\/\\\/sonkraft.ch\\\/?s={search_term_string}\"},\"query-input\":{\"@type\":\"PropertyValueSpecification\",\"valueRequired\":true,\"valueName\":\"search_term_string\"}}],\"inLanguage\":\"es\"}]}<\/script>\n<!-- \/ Yoast SEO plugin. -->","yoast_head_json":{"title":"Sonkraft - Dal 2008 impianti fotovoltaici \"chiavi in mano\"","description":"Sonkraft opera dal 2008 al servizio di privati e imprese che desiderano realizzare un impianto fotovoltaico \"chiavi in mano\"","robots":{"index":"index","follow":"follow","max-snippet":"max-snippet:-1","max-image-preview":"max-image-preview:large","max-video-preview":"max-video-preview:-1"},"canonical":"https:\/\/sonkraft.ch\/","og_locale":"es_ES","og_type":"article","og_title":"Sonkraft - Dal 2008 impianti fotovoltaici \"chiavi in mano\"","og_description":"Sonkraft opera dal 2008 al servizio di privati e imprese che desiderano realizzare un impianto fotovoltaico \"chiavi in mano\"","og_url":"https:\/\/sonkraft.ch\/","og_site_name":"Sonkraft","article_modified_time":"2026-03-11T00:14:50+00:00","og_image":[{"width":360,"height":360,"url":"https:\/\/sonkraft.ch\/wp-content\/uploads\/2026\/03\/facebook-sonkraft-2026.png","type":"image\/png"}],"twitter_card":"summary_large_image","twitter_misc":{"Tiempo de lectura":"2 minutos"},"schema":{"@context":"https:\/\/schema.org","@graph":[{"@type":"WebPage","@id":"https:\/\/sonkraft.ch\/","url":"https:\/\/sonkraft.ch\/","name":"Sonkraft - Dal 2008 impianti fotovoltaici \"chiavi in mano\"","isPartOf":{"@id":"https:\/\/sonkraft.ch\/#website"},"primaryImageOfPage":{"@id":"https:\/\/sonkraft.ch\/#primaryimage"},"image":{"@id":"https:\/\/sonkraft.ch\/#primaryimage"},"thumbnailUrl":"https:\/\/sonkraft.ch\/wp-content\/uploads\/2026\/03\/facebook-sonkraft-2026.png","datePublished":"2015-12-30T15:32:13+00:00","dateModified":"2026-03-11T00:14:50+00:00","description":"Sonkraft opera dal 2008 al servizio di privati e imprese che desiderano realizzare un impianto fotovoltaico \"chiavi in mano\"","breadcrumb":{"@id":"https:\/\/sonkraft.ch\/#breadcrumb"},"inLanguage":"es","potentialAction":[{"@type":"ReadAction","target":["https:\/\/sonkraft.ch\/"]}]},{"@type":"ImageObject","inLanguage":"es","@id":"https:\/\/sonkraft.ch\/#primaryimage","url":"https:\/\/sonkraft.ch\/wp-content\/uploads\/2026\/03\/facebook-sonkraft-2026.png","contentUrl":"https:\/\/sonkraft.ch\/wp-content\/uploads\/2026\/03\/facebook-sonkraft-2026.png","width":360,"height":360,"caption":"sonkraft"},{"@type":"BreadcrumbList","@id":"https:\/\/sonkraft.ch\/#breadcrumb","itemListElement":[{"@type":"ListItem","position":1,"name":"Home","item":"https:\/\/sonkraft.ch\/"},{"@type":"ListItem","position":2,"name":"Sonkraft"}]},{"@type":"WebSite","@id":"https:\/\/sonkraft.ch\/#website","url":"https:\/\/sonkraft.ch\/","name":"SONKRAFT SA","description":"Investments in solar energy - Engineering, Procurement and Construction of large PV plants","potentialAction":[{"@type":"SearchAction","target":{"@type":"EntryPoint","urlTemplate":"https:\/\/sonkraft.ch\/?s={search_term_string}"},"query-input":{"@type":"PropertyValueSpecification","valueRequired":true,"valueName":"search_term_string"}}],"inLanguage":"es"}]}},"_links":{"self":[{"href":"https:\/\/sonkraft.ch\/es\/wp-json\/wp\/v2\/pages\/2","targetHints":{"allow":["GET"]}}],"collection":[{"href":"https:\/\/sonkraft.ch\/es\/wp-json\/wp\/v2\/pages"}],"about":[{"href":"https:\/\/sonkraft.ch\/es\/wp-json\/wp\/v2\/types\/page"}],"author":[{"embeddable":true,"href":"https:\/\/sonkraft.ch\/es\/wp-json\/wp\/v2\/users\/1"}],"replies":[{"embeddable":true,"href":"https:\/\/sonkraft.ch\/es\/wp-json\/wp\/v2\/comments?post=2"}],"version-history":[{"count":8,"href":"https:\/\/sonkraft.ch\/es\/wp-json\/wp\/v2\/pages\/2\/revisions"}],"predecessor-version":[{"id":184,"href":"https:\/\/sonkraft.ch\/es\/wp-json\/wp\/v2\/pages\/2\/revisions\/184"}],"wp:featuredmedia":[{"embeddable":true,"href":"https:\/\/sonkraft.ch\/es\/wp-json\/wp\/v2\/media\/135"}],"wp:attachment":[{"href":"https:\/\/sonkraft.ch\/es\/wp-json\/wp\/v2\/media?parent=2"}],"curies":[{"name":"wp","href":"https:\/\/api.w.org\/{rel}","templated":true}]}}