{"id":171,"date":"2026-03-11T00:13:08","date_gmt":"2026-03-10T23:13:08","guid":{"rendered":"https:\/\/sonkraft.ch\/?page_id=171"},"modified":"2026-03-11T01:13:36","modified_gmt":"2026-03-11T00:13:36","slug":"chi-siamo","status":"publish","type":"page","link":"https:\/\/sonkraft.ch\/fr\/chi-siamo\/","title":{"rendered":"\u00c0 propos de nous"},"content":{"rendered":"<p><span style=\"color: #ffffff;\">\u00c0 propos de nous<\/span><\/p>\n<h2>\u00c0 propos de nous<\/h2>\n<p><span style=\"color: #ffffff;\">\u00c0 propos de nous<\/span><br \/>\nLe groupe Sonkraft, implant\u00e9 \u00e0 Lugano, Berlin et Milan, op\u00e8re depuis 2008 dans le secteur des \u00e9nergies renouvelables.<\/p>\n<p>Sonkraft propose des services de conseil en efficacit\u00e9 \u00e9nerg\u00e9tique, gestion et optimisation de la consommation aux particuliers et aux entreprises des secteurs industriel et tertiaire.<\/p>\n<p>Notre objectif est d&rsquo;am\u00e9liorer l&rsquo;efficacit\u00e9 \u00e9nerg\u00e9tique de nos clients, d&rsquo;accro\u00eetre la fiabilit\u00e9 et la s\u00e9curit\u00e9 de leur production et de contribuer activement \u00e0 la transition \u00e9nerg\u00e9tique en r\u00e9duisant leurs co\u00fbts.<\/p>\n<p>Sonkraft finance, con\u00e7oit, d\u00e9veloppe et r\u00e9alise des projets photovolta\u00efques en toiture et au sol, gr\u00e2ce \u00e0 diff\u00e9rentes options contractuelles adapt\u00e9es aux besoins de chaque client.<br \/>\n<span style=\"color: #ffffff;\"><\/span><br \/>\n\r\n\t\t<div class=\"divider4\"><span><\/span><\/div>\r\n\t\t<\/p>\n<h2>Si\u00e8ge social<\/h2>\n<p><img loading=\"lazy\" decoding=\"async\" src=\"https:\/\/sonkraft.ch\/wp-content\/uploads\/2026\/03\/sonkraft-lugano-1024x559.jpg\" alt=\"sonkraft\" width=\"1024\" height=\"559\" class=\"alignnone size-large wp-image-175\" srcset=\"https:\/\/sonkraft.ch\/wp-content\/uploads\/2026\/03\/sonkraft-lugano-1024x559.jpg 1024w, https:\/\/sonkraft.ch\/wp-content\/uploads\/2026\/03\/sonkraft-lugano-300x164.jpg 300w, https:\/\/sonkraft.ch\/wp-content\/uploads\/2026\/03\/sonkraft-lugano-768x419.jpg 768w, https:\/\/sonkraft.ch\/wp-content\/uploads\/2026\/03\/sonkraft-lugano-1536x838.jpg 1536w, https:\/\/sonkraft.ch\/wp-content\/uploads\/2026\/03\/sonkraft-lugano.jpg 1600w\" sizes=\"auto, (max-width: 1024px) 100vw, 1024px\" \/><br \/>\nLe si\u00e8ge social de Sonkraft se trouve \u00e0 Lugano, au 1\/C Via Maggio, dans le quartier central de Cassarate.<br \/>\n\r\n\t\t<div class=\"divider4\"><span><\/span><\/div>\r\n\t\t<br \/>\n\n<div class=\"wpcf7 no-js\" id=\"wpcf7-f178-o4\" lang=\"it-IT\" dir=\"ltr\" data-wpcf7-id=\"178\">\n<div class=\"screen-reader-response\"><p role=\"status\" aria-live=\"polite\" aria-atomic=\"true\"><\/p> <ul><\/ul><\/div>\n<form action=\"\/fr\/wp-json\/wp\/v2\/pages\/171#wpcf7-f178-o4\" method=\"post\" class=\"wpcf7-form init\" aria-label=\"Modulo di contatto\" novalidate=\"novalidate\" data-status=\"init\">\n<fieldset class=\"hidden-fields-container\"><input type=\"hidden\" name=\"_wpcf7\" value=\"178\" \/><input type=\"hidden\" name=\"_wpcf7_version\" value=\"6.1.5\" \/><input type=\"hidden\" name=\"_wpcf7_locale\" value=\"it_IT\" \/><input type=\"hidden\" name=\"_wpcf7_unit_tag\" value=\"wpcf7-f178-o4\" \/><input type=\"hidden\" name=\"_wpcf7_container_post\" value=\"0\" \/><input type=\"hidden\" name=\"_wpcf7_posted_data_hash\" value=\"\" \/>\n<\/fieldset>\n<p><label> <\/label>\n<\/p>\n<h2>Contact\n<\/h2>\n<p>&nbsp;<br \/>\n<label> N\u2019h\u00e9sitez pas \u00e0 nous contacter pour toute question concernant nos offres ou nos produitss <\/label>\n<\/p>\n<p><label> \u00c9crivez \u00e0 <a href=\"mailto:info@sonkraft.ch\">info@sonkraft.ch<\/a> ou remplissez le formulaire suivant et nous vous contacterons: <\/label>\n<\/p>\n<p><label> Nom *<br \/>\n<span class=\"wpcf7-form-control-wrap\" data-name=\"your-name\"><input size=\"40\" maxlength=\"400\" class=\"wpcf7-form-control wpcf7-text wpcf7-validates-as-required\" aria-required=\"true\" aria-invalid=\"false\" value=\"\" type=\"text\" name=\"your-name\" \/><\/span><\/label>\n<\/p>\n<p><label> Num\u00e9ro de t\u00e9l\u00e9phone *<br \/>\n<span class=\"wpcf7-form-control-wrap\" data-name=\"tel-826\"><input size=\"40\" maxlength=\"400\" class=\"wpcf7-form-control wpcf7-tel wpcf7-validates-as-required wpcf7-text wpcf7-validates-as-tel\" aria-required=\"true\" aria-invalid=\"false\" value=\"\" type=\"tel\" name=\"tel-826\" \/><\/span><\/label>\n<\/p>\n<p><label> Votre E-mail *<br \/>\n<span class=\"wpcf7-form-control-wrap\" data-name=\"your-email\"><input size=\"40\" maxlength=\"400\" class=\"wpcf7-form-control wpcf7-email wpcf7-validates-as-required wpcf7-text wpcf7-validates-as-email\" aria-required=\"true\" aria-invalid=\"false\" value=\"\" type=\"email\" name=\"your-email\" \/><\/span><\/label>\n<\/p>\n<p><label> Sujet *<br \/>\n<span class=\"wpcf7-form-control-wrap\" data-name=\"your-subject\"><input size=\"40\" maxlength=\"400\" class=\"wpcf7-form-control wpcf7-text wpcf7-validates-as-required\" aria-required=\"true\" aria-invalid=\"false\" value=\"\" type=\"text\" name=\"your-subject\" \/><\/span> <\/label>\n<\/p>\n<p><label> Message *<br \/>\n<span class=\"wpcf7-form-control-wrap\" data-name=\"your-message\"><textarea cols=\"40\" rows=\"10\" maxlength=\"2000\" class=\"wpcf7-form-control wpcf7-textarea wpcf7-validates-as-required\" aria-required=\"true\" aria-invalid=\"false\" name=\"your-message\"><\/textarea><\/span> <\/label>\n<\/p>\n<p><label> * champs requis <\/label>\n<\/p>\n<p><input class=\"wpcf7-form-control wpcf7-submit has-spinner\" type=\"submit\" value=\"ENVOYER\" \/>\n<\/p>\n<p><label><\/label>\n<\/p><div class=\"wpcf7-response-output\" aria-hidden=\"true\"><\/div>\n<\/form>\n<\/div>\n<\/p>\n<!-- sktbuilder starter --><script type=\"text\/javascript\" src=\"https:\/\/sonkraft.ch\/wp-content\/plugins\/skt-builder\/sktbuilder\/sktbuilder-frontend-starter.js\"><\/script><script type=\"text\/javascript\" src=\"https:\/\/sonkraft.ch\/wp-content\/plugins\/skt-builder\/sktbuilder-wordpress-driver.js\"><\/script><script type=\"text\/javascript\"> var starter = new SktbuilderStarter({\"mode\": \"prod\", \"skip\":[\"jquery\",\"underscore\",\"backbone\"],\"sktbuilderUrl\": \"https:\/\/sonkraft.ch\/wp-content\/plugins\/skt-builder\/sktbuilder\/\", \"driver\": new SktbuilderWordpressDriver({\"ajaxUrl\": \"https:\/\/sonkraft.ch\/wp-admin\/admin-ajax.php\", \"iframeUrl\": \"https:\/\/sonkraft.ch\/fr\/chi-siamo\/?sktbuilder=true\", \"pageId\": 171,  \"nonce\": \"6a6fd7dfad\", \"pages\": [], \"page\": \"\u00c0 propos de nous\" }) });<\/script><!-- end sktbuilder starter -->","protected":false},"excerpt":{"rendered":"<p>\u00c0 propos de nous \u00c0 propos de nous \u00c0 propos de nous Le groupe Sonkraft, implant\u00e9 \u00e0 Lugano, Berlin et Milan, op\u00e8re depuis 2008 dans le secteur des \u00e9nergies renouvelables. Sonkraft propose des services de conseil en efficacit\u00e9 \u00e9nerg\u00e9tique, gestion et optimisation de la consommation aux particuliers et aux entreprises des secteurs industriel et tertiaire.<br \/><a class=\"moretag\" href=\"https:\/\/sonkraft.ch\/fr\/chi-siamo\/\">+ Read More<\/a><\/p>\n","protected":false},"author":1,"featured_media":175,"parent":0,"menu_order":0,"comment_status":"closed","ping_status":"closed","template":"","meta":{"footnotes":""},"class_list":["post-171","page","type-page","status-publish","has-post-thumbnail","hentry"],"yoast_head":"<!-- This site is optimized with the Yoast SEO plugin v27.4 - https:\/\/yoast.com\/product\/yoast-seo-wordpress\/ -->\n<title>Sonkraft - \u00c0 propos de nous<\/title>\n<meta name=\"description\" content=\"Sonkraft offre servizi di consulenza nell&#039;ambito dell&#039;efficienza energetica, della gestione e ottimizzazione dei consumi per le aziende\" \/>\n<meta name=\"robots\" content=\"index, follow, max-snippet:-1, max-image-preview:large, max-video-preview:-1\" \/>\n<link rel=\"canonical\" href=\"https:\/\/sonkraft.ch\/chi-siamo\/\" \/>\n<meta property=\"og:locale\" content=\"fr_FR\" \/>\n<meta property=\"og:type\" content=\"article\" \/>\n<meta property=\"og:title\" content=\"Sonkraft - [:it]Chi siamo[:en]About us[:de]\u00dcber uns[:fr]\u00c0 propos de nous[:es]Sobre nosotros[:]\" \/>\n<meta property=\"og:description\" content=\"Sonkraft offre servizi di consulenza nell&#039;ambito dell&#039;efficienza energetica, della gestione e ottimizzazione dei consumi per le aziende\" \/>\n<meta property=\"og:url\" content=\"https:\/\/sonkraft.ch\/chi-siamo\/\" \/>\n<meta property=\"og:site_name\" content=\"Sonkraft\" \/>\n<meta property=\"article:modified_time\" content=\"2026-03-11T00:13:36+00:00\" \/>\n<meta property=\"og:image\" content=\"https:\/\/sonkraft.ch\/wp-content\/uploads\/2026\/03\/sonkraft-lugano.jpg\" \/>\n\t<meta property=\"og:image:width\" content=\"1600\" \/>\n\t<meta property=\"og:image:height\" content=\"873\" \/>\n\t<meta property=\"og:image:type\" content=\"image\/jpeg\" \/>\n<meta name=\"twitter:card\" content=\"summary_large_image\" \/>\n<meta name=\"twitter:label1\" content=\"Dur\u00e9e de lecture estim\u00e9e\" \/>\n\t<meta name=\"twitter:data1\" content=\"5 minutes\" \/>\n<script type=\"application\/ld+json\" class=\"yoast-schema-graph\">{\"@context\":\"https:\\\/\\\/schema.org\",\"@graph\":[{\"@type\":\"WebPage\",\"@id\":\"https:\\\/\\\/sonkraft.ch\\\/chi-siamo\\\/\",\"url\":\"https:\\\/\\\/sonkraft.ch\\\/chi-siamo\\\/\",\"name\":\"Sonkraft - [:it]Chi siamo[:en]About us[:de]\u00dcber uns[:fr]\u00c0 propos de nous[:es]Sobre nosotros[:]\",\"isPartOf\":{\"@id\":\"https:\\\/\\\/sonkraft.ch\\\/#website\"},\"primaryImageOfPage\":{\"@id\":\"https:\\\/\\\/sonkraft.ch\\\/chi-siamo\\\/#primaryimage\"},\"image\":{\"@id\":\"https:\\\/\\\/sonkraft.ch\\\/chi-siamo\\\/#primaryimage\"},\"thumbnailUrl\":\"https:\\\/\\\/sonkraft.ch\\\/wp-content\\\/uploads\\\/2026\\\/03\\\/sonkraft-lugano.jpg\",\"datePublished\":\"2026-03-10T23:13:08+00:00\",\"dateModified\":\"2026-03-11T00:13:36+00:00\",\"description\":\"Sonkraft offre servizi di consulenza nell'ambito dell'efficienza energetica, della gestione e ottimizzazione dei consumi per le aziende\",\"breadcrumb\":{\"@id\":\"https:\\\/\\\/sonkraft.ch\\\/chi-siamo\\\/#breadcrumb\"},\"inLanguage\":\"fr-FR\",\"potentialAction\":[{\"@type\":\"ReadAction\",\"target\":[\"https:\\\/\\\/sonkraft.ch\\\/chi-siamo\\\/\"]}]},{\"@type\":\"ImageObject\",\"inLanguage\":\"fr-FR\",\"@id\":\"https:\\\/\\\/sonkraft.ch\\\/chi-siamo\\\/#primaryimage\",\"url\":\"https:\\\/\\\/sonkraft.ch\\\/wp-content\\\/uploads\\\/2026\\\/03\\\/sonkraft-lugano.jpg\",\"contentUrl\":\"https:\\\/\\\/sonkraft.ch\\\/wp-content\\\/uploads\\\/2026\\\/03\\\/sonkraft-lugano.jpg\",\"width\":1600,\"height\":873,\"caption\":\"sonkraft\"},{\"@type\":\"BreadcrumbList\",\"@id\":\"https:\\\/\\\/sonkraft.ch\\\/chi-siamo\\\/#breadcrumb\",\"itemListElement\":[{\"@type\":\"ListItem\",\"position\":1,\"name\":\"Home\",\"item\":\"https:\\\/\\\/sonkraft.ch\\\/\"},{\"@type\":\"ListItem\",\"position\":2,\"name\":\"Chi siamo\"}]},{\"@type\":\"WebSite\",\"@id\":\"https:\\\/\\\/sonkraft.ch\\\/#website\",\"url\":\"https:\\\/\\\/sonkraft.ch\\\/\",\"name\":\"SONKRAFT SA\",\"description\":\"Investments in solar energy - Engineering, Procurement and Construction of large PV plants\",\"potentialAction\":[{\"@type\":\"SearchAction\",\"target\":{\"@type\":\"EntryPoint\",\"urlTemplate\":\"https:\\\/\\\/sonkraft.ch\\\/?s={search_term_string}\"},\"query-input\":{\"@type\":\"PropertyValueSpecification\",\"valueRequired\":true,\"valueName\":\"search_term_string\"}}],\"inLanguage\":\"fr-FR\"}]}<\/script>\n<!-- \/ Yoast SEO plugin. -->","yoast_head_json":{"title":"Sonkraft - [:it]Chi siamo[:en]About us[:de]\u00dcber uns[:fr]\u00c0 propos de nous[:es]Sobre nosotros[:]","description":"Sonkraft offre servizi di consulenza nell'ambito dell'efficienza energetica, della gestione e ottimizzazione dei consumi per le aziende","robots":{"index":"index","follow":"follow","max-snippet":"max-snippet:-1","max-image-preview":"max-image-preview:large","max-video-preview":"max-video-preview:-1"},"canonical":"https:\/\/sonkraft.ch\/chi-siamo\/","og_locale":"fr_FR","og_type":"article","og_title":"Sonkraft - [:it]Chi siamo[:en]About us[:de]\u00dcber uns[:fr]\u00c0 propos de nous[:es]Sobre nosotros[:]","og_description":"Sonkraft offre servizi di consulenza nell'ambito dell'efficienza energetica, della gestione e ottimizzazione dei consumi per le aziende","og_url":"https:\/\/sonkraft.ch\/chi-siamo\/","og_site_name":"Sonkraft","article_modified_time":"2026-03-11T00:13:36+00:00","og_image":[{"width":1600,"height":873,"url":"https:\/\/sonkraft.ch\/wp-content\/uploads\/2026\/03\/sonkraft-lugano.jpg","type":"image\/jpeg"}],"twitter_card":"summary_large_image","twitter_misc":{"Dur\u00e9e de lecture estim\u00e9e":"5 minutes"},"schema":{"@context":"https:\/\/schema.org","@graph":[{"@type":"WebPage","@id":"https:\/\/sonkraft.ch\/chi-siamo\/","url":"https:\/\/sonkraft.ch\/chi-siamo\/","name":"Sonkraft - [:it]Chi siamo[:en]About us[:de]\u00dcber uns[:fr]\u00c0 propos de nous[:es]Sobre nosotros[:]","isPartOf":{"@id":"https:\/\/sonkraft.ch\/#website"},"primaryImageOfPage":{"@id":"https:\/\/sonkraft.ch\/chi-siamo\/#primaryimage"},"image":{"@id":"https:\/\/sonkraft.ch\/chi-siamo\/#primaryimage"},"thumbnailUrl":"https:\/\/sonkraft.ch\/wp-content\/uploads\/2026\/03\/sonkraft-lugano.jpg","datePublished":"2026-03-10T23:13:08+00:00","dateModified":"2026-03-11T00:13:36+00:00","description":"Sonkraft offre servizi di consulenza nell'ambito dell'efficienza energetica, della gestione e ottimizzazione dei consumi per le aziende","breadcrumb":{"@id":"https:\/\/sonkraft.ch\/chi-siamo\/#breadcrumb"},"inLanguage":"fr-FR","potentialAction":[{"@type":"ReadAction","target":["https:\/\/sonkraft.ch\/chi-siamo\/"]}]},{"@type":"ImageObject","inLanguage":"fr-FR","@id":"https:\/\/sonkraft.ch\/chi-siamo\/#primaryimage","url":"https:\/\/sonkraft.ch\/wp-content\/uploads\/2026\/03\/sonkraft-lugano.jpg","contentUrl":"https:\/\/sonkraft.ch\/wp-content\/uploads\/2026\/03\/sonkraft-lugano.jpg","width":1600,"height":873,"caption":"sonkraft"},{"@type":"BreadcrumbList","@id":"https:\/\/sonkraft.ch\/chi-siamo\/#breadcrumb","itemListElement":[{"@type":"ListItem","position":1,"name":"Home","item":"https:\/\/sonkraft.ch\/"},{"@type":"ListItem","position":2,"name":"Chi siamo"}]},{"@type":"WebSite","@id":"https:\/\/sonkraft.ch\/#website","url":"https:\/\/sonkraft.ch\/","name":"SONKRAFT SA","description":"Investments in solar energy - Engineering, Procurement and Construction of large PV plants","potentialAction":[{"@type":"SearchAction","target":{"@type":"EntryPoint","urlTemplate":"https:\/\/sonkraft.ch\/?s={search_term_string}"},"query-input":{"@type":"PropertyValueSpecification","valueRequired":true,"valueName":"search_term_string"}}],"inLanguage":"fr-FR"}]}},"_links":{"self":[{"href":"https:\/\/sonkraft.ch\/fr\/wp-json\/wp\/v2\/pages\/171","targetHints":{"allow":["GET"]}}],"collection":[{"href":"https:\/\/sonkraft.ch\/fr\/wp-json\/wp\/v2\/pages"}],"about":[{"href":"https:\/\/sonkraft.ch\/fr\/wp-json\/wp\/v2\/types\/page"}],"author":[{"embeddable":true,"href":"https:\/\/sonkraft.ch\/fr\/wp-json\/wp\/v2\/users\/1"}],"replies":[{"embeddable":true,"href":"https:\/\/sonkraft.ch\/fr\/wp-json\/wp\/v2\/comments?post=171"}],"version-history":[{"count":6,"href":"https:\/\/sonkraft.ch\/fr\/wp-json\/wp\/v2\/pages\/171\/revisions"}],"predecessor-version":[{"id":179,"href":"https:\/\/sonkraft.ch\/fr\/wp-json\/wp\/v2\/pages\/171\/revisions\/179"}],"wp:featuredmedia":[{"embeddable":true,"href":"https:\/\/sonkraft.ch\/fr\/wp-json\/wp\/v2\/media\/175"}],"wp:attachment":[{"href":"https:\/\/sonkraft.ch\/fr\/wp-json\/wp\/v2\/media?parent=171"}],"curies":[{"name":"wp","href":"https:\/\/api.w.org\/{rel}","templated":true}]}}